{"id":2900,"date":"2024-11-19T11:43:08","date_gmt":"2024-11-19T11:43:08","guid":{"rendered":"https:\/\/forum2025.aio-events.org\/conditions-dobtention-du-visa\/"},"modified":"2025-07-10T09:00:44","modified_gmt":"2025-07-10T09:00:44","slug":"conditions-dobtention-du-visa","status":"publish","type":"page","link":"https:\/\/forum2025.aio-events.org\/fr\/conditions-dobtention-du-visa\/","title":{"rendered":"VISA"},"content":{"rendered":"\t\t<div data-elementor-type=\"wp-page\" data-elementor-id=\"2900\" class=\"elementor elementor-2900 elementor-2486\" data-elementor-post-type=\"page\">\n\t\t\t\t<div class=\"elementor-element elementor-element-d1eea50 e-flex e-con-boxed e-con e-parent\" data-id=\"d1eea50\" data-element_type=\"container\" data-e-type=\"container\">\n\t\t\t\t\t<div class=\"e-con-inner\">\n\t\t\t\t<div class=\"elementor-element elementor-element-916f505 elementor-widget elementor-widget-text-editor\" data-id=\"916f505\" data-element_type=\"widget\" data-e-type=\"widget\" data-settings=\"{&quot;ekit_we_effect_on&quot;:&quot;none&quot;}\" data-widget_type=\"text-editor.default\">\n\t\t\t\t<div class=\"elementor-widget-container\">\n\t\t\t\t\t\t\t\t\t<p style=\"text-align: center;\"><strong>CONDITIONS ET \u00c9TAPES DE DEMANDE DE VISA POUR LE ZIMBABWE<\/strong><\/p><p><strong>\u00a0<\/strong><\/p><p><strong><u>Conditions G\u00e9n\u00e9rales<\/u><\/strong><strong> : Les documents doivent mesurer moins de 1 Mo.<\/strong><\/p><ul><li><strong>Photo d&#8217;identit\u00e9 r\u00e9cente<\/strong><\/li><li><strong>Page des donn\u00e9es biographiques du passeport du demandeur<\/strong><\/li><li><strong>Lettre d&#8217;invitation<\/strong><\/li><li><strong>R\u00e9servation d&#8217;h\u00f4tel (Sign\u00e9e)<\/strong><\/li><li><strong>Document suppl\u00e9mentaire (lettre du Minist\u00e8re des Finances)<\/strong><\/li><\/ul><p>\u00a0<\/p><p><span style=\"color: #0000ff;\"><strong>Demande de lettre d&#8217;invitation<\/strong><\/span>: <a href=\"mailto:aioforum@icz.co.zw\">aioforum@icz.co.zw<\/a><\/p><p>\u00a0<\/p><p><strong><u>\u00c9tapes de la demande <\/u><\/strong><\/p><ul><li>Connectez-vous au site Web de l&#8217;E-Visa d&#8217;immigration pour le Zimbabwe<strong>\u00a0:- <\/strong><span style=\"color: #0000ff;\"><a style=\"color: #0000ff;\" href=\"https:\/\/www.evisa.gov.zw\/\"><strong>https:\/\/www.evisa.gov.zw\/<\/strong><\/a><\/span><\/li><li>Cr\u00e9ez un compte et connectez-vous<\/li><li>Cliquez sur Cr\u00e9er une nouvelle demande<\/li><li>S\u00e9lectionnez l&#8217;entr\u00e9e de l&#8217;a\u00e9roport (A\u00e9roport International Robert Mugabe)<\/li><\/ul><ul><li>S\u00e9lectionnez votre pays, le type de passeport, le type de visa, le but de la visite (Conf\u00e9rence), remplissez vos informations personnelles, etc.<\/li><li>Assurez-vous d&#8217;avoir une carte de cr\u00e9dit\/d\u00e9bit pour les frais de visa<\/li><\/ul><p><strong><u>OPTIONS DE R\u00c9GIME DE VISA :<\/u><\/strong><\/p><ul><li><strong>CAT\u00c9GORIE A : pays dont les ressortissants n&#8217;ont pas besoin de visa \u2013 <\/strong><a href=\"https:\/\/forum2025.aio-events.org\/wp-content\/uploads\/sites\/4\/2025\/06\/Visas.pdf\"><strong>t\u00e9l\u00e9chargez la liste<\/strong><\/a><\/li><li><strong>CAT\u00c9GORIE B : pays dont les ressortissants obtiennent un visa au point d&#8217;entr\u00e9e &#8211; <\/strong><a href=\"https:\/\/forum2025.aio-events.org\/wp-content\/uploads\/sites\/4\/2025\/06\/Visas.pdf\"><strong>t\u00e9l\u00e9chargez la liste<\/strong><\/a><\/li><li><strong>CAT\u00c9GORIE C : pays dont les ressortissants sont tenus de faire une demande en ligne et d&#8217;obtenir un visa avant de voyager &#8211; <\/strong><a href=\"https:\/\/forum2025.aio-events.org\/wp-content\/uploads\/sites\/4\/2025\/06\/Visas.pdf\"><strong>t\u00e9l\u00e9chargez la liste<\/strong><\/a><\/li><\/ul>\t\t\t\t\t\t\t\t<\/div>\n\t\t\t\t<\/div>\n\t\t\t\t\t<\/div>\n\t\t\t\t<\/div>\n\t\t\t\t<\/div>\n\t\t","protected":false},"excerpt":{"rendered":"<p>CONDITIONS ET \u00c9TAPES DE DEMANDE DE VISA POUR LE ZIMBABWE \u00a0 Conditions G\u00e9n\u00e9rales : Les documents doivent mesurer moins de 1 Mo. Photo d&#8217;identit\u00e9 r\u00e9cente Page des donn\u00e9es biographiques du passeport du demandeur Lettre d&#8217;invitation R\u00e9servation d&#8217;h\u00f4tel (Sign\u00e9e) Document suppl\u00e9mentaire (lettre du Minist\u00e8re des Finances) \u00a0 Demande de lettre d&#8217;invitation: aioforum@icz.co.zw \u00a0 \u00c9tapes de la [&hellip;]<\/p>\n","protected":false},"author":2,"featured_media":0,"parent":0,"menu_order":0,"comment_status":"closed","ping_status":"closed","template":"","meta":{"nf_dc_page":"","footnotes":""},"class_list":["post-2900","page","type-page","status-publish","hentry"],"_links":{"self":[{"href":"https:\/\/forum2025.aio-events.org\/fr\/wp-json\/wp\/v2\/pages\/2900","targetHints":{"allow":["GET"]}}],"collection":[{"href":"https:\/\/forum2025.aio-events.org\/fr\/wp-json\/wp\/v2\/pages"}],"about":[{"href":"https:\/\/forum2025.aio-events.org\/fr\/wp-json\/wp\/v2\/types\/page"}],"author":[{"embeddable":true,"href":"https:\/\/forum2025.aio-events.org\/fr\/wp-json\/wp\/v2\/users\/2"}],"replies":[{"embeddable":true,"href":"https:\/\/forum2025.aio-events.org\/fr\/wp-json\/wp\/v2\/comments?post=2900"}],"version-history":[{"count":12,"href":"https:\/\/forum2025.aio-events.org\/fr\/wp-json\/wp\/v2\/pages\/2900\/revisions"}],"predecessor-version":[{"id":4997,"href":"https:\/\/forum2025.aio-events.org\/fr\/wp-json\/wp\/v2\/pages\/2900\/revisions\/4997"}],"wp:attachment":[{"href":"https:\/\/forum2025.aio-events.org\/fr\/wp-json\/wp\/v2\/media?parent=2900"}],"curies":[{"name":"wp","href":"https:\/\/api.w.org\/{rel}","templated":true}]}}