{"id":2917,"date":"2019-01-06T09:12:01","date_gmt":"2019-01-06T09:12:01","guid":{"rendered":"https:\/\/forum2025.aio-events.org\/a-propos-de-lethiopie\/"},"modified":"2025-06-18T09:52:54","modified_gmt":"2025-06-18T09:52:54","slug":"a-propos-de-lethiopie","status":"publish","type":"page","link":"https:\/\/forum2025.aio-events.org\/fr\/a-propos-de-lethiopie\/","title":{"rendered":"A propos du Zimbabwe"},"content":{"rendered":"\t\t<div data-elementor-type=\"wp-post\" data-elementor-id=\"2917\" class=\"elementor elementor-2917 elementor-994\" data-elementor-post-type=\"page\">\n\t\t\t\t\t\t<section class=\"elementor-section elementor-top-section elementor-element elementor-element-49c elementor-section-boxed elementor-section-height-default elementor-section-height-default\" data-id=\"49c\" data-element_type=\"section\" data-e-type=\"section\">\n\t\t\t\t\t\t<div class=\"elementor-container elementor-column-gap-default\">\n\t\t\t\t\t<div class=\"elementor-column elementor-col-100 elementor-top-column elementor-element elementor-element-2c0f\" data-id=\"2c0f\" data-element_type=\"column\" data-e-type=\"column\">\n\t\t\t<div class=\"elementor-widget-wrap elementor-element-populated\">\n\t\t\t\t\t\t<div class=\"elementor-element elementor-element-6ee6def elementor-widget elementor-widget-text-editor\" data-id=\"6ee6def\" data-element_type=\"widget\" data-e-type=\"widget\" data-settings=\"{&quot;ekit_we_effect_on&quot;:&quot;none&quot;}\" data-widget_type=\"text-editor.default\">\n\t\t\t\t<div class=\"elementor-widget-container\">\n\t\t\t\t\t\t\t\t\t<p style=\"text-align: center;\"><b>A PROPOS DU ZIMBAWE<\/b><\/p><p>\u00a0<\/p><p>Le secteur de l&#8217;assurance \u00e0 court terme du Zimbabwe est un pilier essentiel de l&#8217;\u00e9cosyst\u00e8me financier du pays, offrant protection, stabilit\u00e9 et continuit\u00e9 \u00e9conomique dans tous les secteurs et toutes les communaut\u00e9s. Au fil des ans, le secteur a fait preuve d&#8217;une r\u00e9silience remarquable face aux d\u00e9fis macro\u00e9conomiques persistants, allant de l&#8217;hyperinflation et des fluctuations mon\u00e9taires aux chocs li\u00e9s \u00e0 la pand\u00e9mie et aux risques li\u00e9s au climat. Le secteur de l&#8217;assurance \u00e0 court terme du Zimbabwe op\u00e8re dans le contexte d&#8217;un paysage en \u00e9volution rapide, fa\u00e7onn\u00e9 par l&#8217;\u00e9volution des fondamentaux \u00e9conomiques, les r\u00e9alit\u00e9s climatiques et l&#8217;influence croissante des cadres ax\u00e9s sur la durabilit\u00e9.<\/p><p>Compos\u00e9e de <strong>20 assureurs \u00e0 court terme enregistr\u00e9s <\/strong>et <strong>de 9 r\u00e9assureurs<\/strong><strong>,<\/strong> l&#8217;industrie offre un large \u00e9ventail de solutions de risque dans les domaines de l&#8217;automobile, de l&#8217;immobilier, de l&#8217;ing\u00e9nierie, de l&#8217;agriculture, de la sant\u00e9 et de la responsabilit\u00e9 civile. Malgr\u00e9 un environnement op\u00e9rationnel volatil, les assureurs du Zimbabwe se sont adapt\u00e9s gr\u00e2ce \u00e0 une r\u00e9glementation solide, \u00e0 une innovation strat\u00e9gique et \u00e0 un engagement ind\u00e9fectible en faveur de la protection des assur\u00e9s.<\/p><p>Parall\u00e8lement, l&#8217;adoption progressive d&#8217;outils bas\u00e9s sur les donn\u00e9es et de technologies intelligentes am\u00e9liore la capacit\u00e9 du secteur \u00e0 d\u00e9tecter les fraudes, \u00e0 am\u00e9liorer l&#8217;efficacit\u00e9 des r\u00e9clamations et \u00e0 personnaliser l&#8217;engagement des clients. Des initiatives telles que le Zimbabwe Insurance Crimes Bureau (ZICB), qui exploite les donn\u00e9es sur les r\u00e9clamations fournies par l&#8217;industrie, renforcent la capacit\u00e9 du secteur \u00e0 signaler les anomalies, \u00e0 d\u00e9tecter les fraudes potentielles et \u00e0 renforcer la surveillance globale et la prestation de services.<\/p><p>En outre, le secteur participe activement \u00e0 des programmes r\u00e9gionaux, tels que le programme d&#8217;assistance technique ESG de la FSD en Afrique, et s&#8217;engage dans l&#8217;innovation r\u00e9glementaire par le biais de cadres de \u00ab\u00a0sandbox\u00a0\u00bb qui encouragent l&#8217;exp\u00e9rimentation tout en garantissant la s\u00e9curit\u00e9 du march\u00e9 et la protection des consommateurs. L&#8217;industrie s&#8217;appuie sur des recherches cibl\u00e9es pour am\u00e9liorer sa r\u00e9silience.<\/p><p>Alors que le march\u00e9 zimbabw\u00e9en de l&#8217;assurance continue d&#8217;\u00e9voluer, sa r\u00e9silience de longue date, d\u00e9sormais associ\u00e9e \u00e0 un app\u00e9tit croissant pour l&#8217;innovation, le place en bonne position pour faire face aux perturbations futures et contribuer de mani\u00e8re significative \u00e0 un d\u00e9veloppement national inclusif et durable.<\/p><p>Lire la suite : <a href=\"https:\/\/www.icz.co.zw\/publications\/?fbclid=IwZXh0bgNhZW0CMTAAYnJpZBExOEc4NXdOazNSYk5vc29CbgEeS2QmTQQxJakPjUR9dRI2L3jdQGhqP_IyGiEECv8sKz5TMCqAOdoWwdR4TGA_aem_MqfRulbM2L-hpRuSQg1zHw\"><strong>https:\/\/www.icz.co.zw\/publications\/<\/strong><\/a><\/p>\t\t\t\t\t\t\t\t<\/div>\n\t\t\t\t<\/div>\n\t\t\t\t\t<\/div>\n\t\t<\/div>\n\t\t\t\t\t<\/div>\n\t\t<\/section>\n\t\t\t\t<section class=\"elementor-section elementor-top-section elementor-element elementor-element-925 elementor-section-boxed elementor-section-height-default elementor-section-height-default\" data-id=\"925\" data-element_type=\"section\" data-e-type=\"section\" data-settings=\"{&quot;background_background&quot;:&quot;classic&quot;}\">\n\t\t\t\t\t\t\t<div class=\"elementor-background-overlay\"><\/div>\n\t\t\t\t\t\t\t<div class=\"elementor-container elementor-column-gap-default\">\n\t\t\t\t\t<div class=\"elementor-column elementor-col-100 elementor-top-column elementor-element elementor-element-391c\" data-id=\"391c\" data-element_type=\"column\" data-e-type=\"column\">\n\t\t\t<div class=\"elementor-widget-wrap elementor-element-populated\">\n\t\t\t\t\t\t<div class=\"elementor-element elementor-element-4dee elementor-widget elementor-widget-exhibz-title\" data-id=\"4dee\" data-element_type=\"widget\" data-e-type=\"widget\" data-settings=\"{&quot;ekit_we_effect_on&quot;:&quot;none&quot;}\" data-widget_type=\"exhibz-title.default\">\n\t\t\t\t<div class=\"elementor-widget-container\">\n\t\t\t\t\t\n    <div class=\"title-section-area\">\n        <h2 class=\"section-title\">\n            <span class=\"sub-title\">D\u00c9PECHEZ-VOUS!<\/span>\n\t\t\tR\u00e9servez votre place        <\/h2>\n\t\t                    <span class=\"title-shape\">\n                  <svg xmlns='http:\/\/www.w3.org\/2000\/svg' xmlns:xlink='http:\/\/www.w3.org\/1999\/xlink' width='71px' height='11px'> <path fill-rule='evenodd' d='M59.669,10.710 L49.164,3.306 L39.428,10.681 L29.714,3.322 L20.006,10.682 L10.295,3.322 L1.185,10.228 L-0.010,8.578 L10.295,0.765 L20.006,8.125 L29.714,0.765 L39.428,8.125 L49.122,0.781 L59.680,8.223 L69.858,1.192 L70.982,2.895 L59.669,10.710 Z'\/><\/svg>\n            <\/span>\n                    <\/div><!-- Section title -->\n    \n    \n\n    \t\t\t\t<\/div>\n\t\t\t\t<\/div>\n\t\t\t\t<div class=\"elementor-element elementor-element-628f elementor-align-center elementor-widget elementor-widget-button\" data-id=\"628f\" data-element_type=\"widget\" data-e-type=\"widget\" data-settings=\"{&quot;ekit_we_effect_on&quot;:&quot;none&quot;}\" data-widget_type=\"button.default\">\n\t\t\t\t<div class=\"elementor-widget-container\">\n\t\t\t\t\t\t\t\t\t<div class=\"elementor-button-wrapper\">\n\t\t\t\t\t<a class=\"elementor-button elementor-button-link elementor-size-md\" href=\"https:\/\/aio-events.org\/portal\/inscription\/217\" target=\"_blank\">\n\t\t\t\t\t\t<span class=\"elementor-button-content-wrapper\">\n\t\t\t\t\t\t\t\t\t<span class=\"elementor-button-text\">S'INSCRIRE<\/span>\n\t\t\t\t\t<\/span>\n\t\t\t\t\t<\/a>\n\t\t\t\t<\/div>\n\t\t\t\t\t\t\t\t<\/div>\n\t\t\t\t<\/div>\n\t\t\t\t\t<\/div>\n\t\t<\/div>\n\t\t\t\t\t<\/div>\n\t\t<\/section>\n\t\t\t\t<\/div>\n\t\t","protected":false},"excerpt":{"rendered":"<p>A PROPOS DU ZIMBAWE \u00a0 Le secteur de l&#8217;assurance \u00e0 court terme du Zimbabwe est un pilier essentiel de l&#8217;\u00e9cosyst\u00e8me financier du pays, offrant protection, stabilit\u00e9 et continuit\u00e9 \u00e9conomique dans tous les secteurs et toutes les communaut\u00e9s. Au fil des ans, le secteur a fait preuve d&#8217;une r\u00e9silience remarquable face aux d\u00e9fis macro\u00e9conomiques persistants, allant [&hellip;]<\/p>\n","protected":false},"author":3,"featured_media":0,"parent":0,"menu_order":0,"comment_status":"closed","ping_status":"closed","template":"template\/full-width-template.php","meta":{"nf_dc_page":"","footnotes":""},"class_list":["post-2917","page","type-page","status-publish","hentry"],"_links":{"self":[{"href":"https:\/\/forum2025.aio-events.org\/fr\/wp-json\/wp\/v2\/pages\/2917","targetHints":{"allow":["GET"]}}],"collection":[{"href":"https:\/\/forum2025.aio-events.org\/fr\/wp-json\/wp\/v2\/pages"}],"about":[{"href":"https:\/\/forum2025.aio-events.org\/fr\/wp-json\/wp\/v2\/types\/page"}],"author":[{"embeddable":true,"href":"https:\/\/forum2025.aio-events.org\/fr\/wp-json\/wp\/v2\/users\/3"}],"replies":[{"embeddable":true,"href":"https:\/\/forum2025.aio-events.org\/fr\/wp-json\/wp\/v2\/comments?post=2917"}],"version-history":[{"count":27,"href":"https:\/\/forum2025.aio-events.org\/fr\/wp-json\/wp\/v2\/pages\/2917\/revisions"}],"predecessor-version":[{"id":4924,"href":"https:\/\/forum2025.aio-events.org\/fr\/wp-json\/wp\/v2\/pages\/2917\/revisions\/4924"}],"wp:attachment":[{"href":"https:\/\/forum2025.aio-events.org\/fr\/wp-json\/wp\/v2\/media?parent=2917"}],"curies":[{"name":"wp","href":"https:\/\/api.w.org\/{rel}","templated":true}]}}