{"id":5354,"date":"2025-09-10T09:30:34","date_gmt":"2025-09-10T09:30:34","guid":{"rendered":"https:\/\/forum2025.aio-events.org\/?page_id=5354"},"modified":"2025-09-10T09:42:09","modified_gmt":"2025-09-10T09:42:09","slug":"excursion","status":"publish","type":"page","link":"https:\/\/forum2025.aio-events.org\/fr\/excursion\/","title":{"rendered":"EXCURSION"},"content":{"rendered":"\t\t<div data-elementor-type=\"wp-page\" data-elementor-id=\"5354\" class=\"elementor elementor-5354\" data-elementor-post-type=\"page\">\n\t\t\t\t<div class=\"elementor-element elementor-element-d1eea50 e-flex e-con-boxed e-con e-parent\" data-id=\"d1eea50\" data-element_type=\"container\" data-e-type=\"container\">\n\t\t\t\t\t<div class=\"e-con-inner\">\n\t\t\t\t<div class=\"elementor-element elementor-element-916f505 elementor-widget elementor-widget-text-editor\" data-id=\"916f505\" data-element_type=\"widget\" data-e-type=\"widget\" data-settings=\"{&quot;ekit_we_effect_on&quot;:&quot;none&quot;}\" data-widget_type=\"text-editor.default\">\n\t\t\t\t<div class=\"elementor-widget-container\">\n\t\t\t\t\t\t\t\t\t<p><strong>EXCURSION &#8211; 02 NUITEES A VICTORIA FALLS<\/strong><\/p>\t\t\t\t\t\t\t\t<\/div>\n\t\t\t\t<\/div>\n\t\t\t\t\t<\/div>\n\t\t\t\t<\/div>\n\t\t<div class=\"elementor-element elementor-element-9ec45aa e-flex e-con-boxed e-con e-parent\" data-id=\"9ec45aa\" data-element_type=\"container\" data-e-type=\"container\" data-settings=\"{&quot;background_background&quot;:&quot;gradient&quot;}\">\n\t\t\t\t\t<div class=\"e-con-inner\">\n\t\t\t\t<div class=\"elementor-element elementor-element-9bad3f9 elementor-widget elementor-widget-text-editor\" data-id=\"9bad3f9\" data-element_type=\"widget\" data-e-type=\"widget\" data-settings=\"{&quot;ekit_we_effect_on&quot;:&quot;none&quot;}\" data-widget_type=\"text-editor.default\">\n\t\t\t\t<div class=\"elementor-widget-container\">\n\t\t\t\t\t\t\t\t\t<p><a href=\"https:\/\/forum2025.aio-events.org\/wp-admin\/post.php?post=5354&amp;action=elementor\" target=\"_blank\" rel=\"noopener\"><strong>T\u00e9l\u00e9chargez la Brochure de l&#8217;Excursion \u00e0 Victoria Falls\u00a0<\/strong><\/a><\/p>\t\t\t\t\t\t\t\t<\/div>\n\t\t\t\t<\/div>\n\t\t\t\t\t<\/div>\n\t\t\t\t<\/div>\n\t\t\t\t<\/div>\n\t\t","protected":false},"excerpt":{"rendered":"<p>EXCURSION &#8211; 02 NUITEES A VICTORIA FALLS T\u00e9l\u00e9chargez la Brochure de l&#8217;Excursion \u00e0 Victoria Falls\u00a0<\/p>\n","protected":false},"author":2,"featured_media":0,"parent":0,"menu_order":0,"comment_status":"closed","ping_status":"closed","template":"","meta":{"nf_dc_page":"","footnotes":""},"class_list":["post-5354","page","type-page","status-publish","hentry"],"_links":{"self":[{"href":"https:\/\/forum2025.aio-events.org\/fr\/wp-json\/wp\/v2\/pages\/5354","targetHints":{"allow":["GET"]}}],"collection":[{"href":"https:\/\/forum2025.aio-events.org\/fr\/wp-json\/wp\/v2\/pages"}],"about":[{"href":"https:\/\/forum2025.aio-events.org\/fr\/wp-json\/wp\/v2\/types\/page"}],"author":[{"embeddable":true,"href":"https:\/\/forum2025.aio-events.org\/fr\/wp-json\/wp\/v2\/users\/2"}],"replies":[{"embeddable":true,"href":"https:\/\/forum2025.aio-events.org\/fr\/wp-json\/wp\/v2\/comments?post=5354"}],"version-history":[{"count":4,"href":"https:\/\/forum2025.aio-events.org\/fr\/wp-json\/wp\/v2\/pages\/5354\/revisions"}],"predecessor-version":[{"id":5360,"href":"https:\/\/forum2025.aio-events.org\/fr\/wp-json\/wp\/v2\/pages\/5354\/revisions\/5360"}],"wp:attachment":[{"href":"https:\/\/forum2025.aio-events.org\/fr\/wp-json\/wp\/v2\/media?parent=5354"}],"curies":[{"name":"wp","href":"https:\/\/api.w.org\/{rel}","templated":true}]}}